{"id":20340,"date":"2023-08-31T12:32:44","date_gmt":"2023-08-31T12:32:44","guid":{"rendered":"https:\/\/mhorse.testforstudio.com\/?page_id=20340"},"modified":"2023-08-31T12:39:19","modified_gmt":"2023-08-31T12:39:19","slug":"services-in","status":"publish","type":"page","link":"https:\/\/www.sporthorses-stud.de\/de\/services-in\/","title":{"rendered":"Dienstleistungen"},"content":{"rendered":"<div data-elementor-type=\"wp-page\" data-elementor-id=\"20340\" class=\"elementor elementor-20340\" data-elementor-post-type=\"page\">\n\t\t\t\t\t\t<section class=\"elementor-section elementor-top-section elementor-element elementor-element-28f72f2 elementor-section-boxed elementor-section-height-default elementor-section-height-default sc_fly_static\" data-id=\"28f72f2\" data-element_type=\"section\" data-settings=\"{&quot;background_background&quot;:&quot;classic&quot;}\">\n\t\t\t\t\t\t\t<div class=\"elementor-background-overlay\"><\/div>\n\t\t\t\t\t\t\t<div class=\"elementor-container elementor-column-gap-extended\">\n\t\t\t\t\t<div class=\"elementor-column elementor-col-100 elementor-top-column elementor-element elementor-element-3a0a272 sc_inner_width_none sc_content_align_inherit sc_layouts_column_icons_position_left sc_fly_static\" data-id=\"3a0a272\" data-element_type=\"column\">\n\t\t\t<div class=\"elementor-widget-wrap elementor-element-populated\">\n\t\t\t\t\t\t\t<\/div>\n\t\t<\/div>\n\t\t\t\t\t<\/div>\n\t\t<\/section>\n\t\t\t\t<section class=\"elementor-section elementor-top-section elementor-element elementor-element-1a1adbbd scheme_default elementor-section-content-middle elementor-section-boxed elementor-section-height-default elementor-section-height-default animation_type_block sc_fly_static elementor-invisible\" data-id=\"1a1adbbd\" data-element_type=\"section\" id=\"services\" data-settings=\"{&quot;background_background&quot;:&quot;classic&quot;,&quot;animation&quot;:&quot;fadeIn&quot;}\">\n\t\t\t\t\t\t<div class=\"elementor-container elementor-column-gap-extended\">\n\t\t\t\t\t<div class=\"elementor-column elementor-col-100 elementor-top-column elementor-element elementor-element-2c5548f3 sc_inner_width_none sc_content_align_inherit sc_layouts_column_icons_position_left sc_fly_static\" data-id=\"2c5548f3\" data-element_type=\"column\">\n\t\t\t<div class=\"elementor-widget-wrap elementor-element-populated\">\n\t\t\t\t\t\t<div class=\"elementor-element elementor-element-4ba75b0c sc_fly_static elementor-widget elementor-widget-trx_sc_title\" data-id=\"4ba75b0c\" data-element_type=\"widget\" data-widget_type=\"trx_sc_title.default\">\n\t\t\t\t<div class=\"elementor-widget-container\">\n\t\t\t\t\t<div\t\tclass=\"sc_title color_style_link2 sc_title_default\" ><h1 class=\"sc_item_title sc_title_title sc_align_center sc_item_title_style_default sc_item_title_tag\"\n\t\t\t><span class=\"sc_item_title_text\">Sie sind auf der Suche nach einem Sportpferd, von dem andere nur tr\u00e4umen? Bei uns werden Sie\nf\u00fcndig:<\/span><\/h1><\/div>\t\t\t\t<\/div>\n\t\t\t\t<\/div>\n\t\t\t\t<div class=\"elementor-element elementor-element-1956745a sc_height_small sc_fly_static elementor-widget elementor-widget-spacer\" data-id=\"1956745a\" data-element_type=\"widget\" data-widget_type=\"spacer.default\">\n\t\t\t\t<div class=\"elementor-widget-container\">\n\t\t\t\t\t\t\t<div class=\"elementor-spacer\">\n\t\t\t<div class=\"elementor-spacer-inner\"><\/div>\n\t\t<\/div>\n\t\t\t\t\t\t<\/div>\n\t\t\t\t<\/div>\n\t\t\t\t<div class=\"elementor-element elementor-element-365dac91 sc_fly_static elementor-widget elementor-widget-trx_sc_services\" data-id=\"365dac91\" data-element_type=\"widget\" data-widget_type=\"trx_sc_services.default\">\n\t\t\t\t<div class=\"elementor-widget-container\">\n\t\t\t\t\t<div class=\"sc_services sc_services_default sc_services_featured_top\"><div class=\"sc_services_columns_wrap sc_item_columns sc_item_posts_container sc_item_columns_3 trx_addons_columns_wrap columns_padding_bottom columns_in_single_row\"><div class=\"trx_addons_column-1_3\"><div data-post-id=\"18253\" class=\"sc_services_item sc_item_container post_container with_content with_image sc_services_item_featured_top post-18253 cpt_services type-cpt_services status-publish has-post-thumbnail hentry cpt_services_group-services\" data-item-number=\"1\"\n>\n\t<div class=\"post_featured with_thumb hover_link sc_services_item_thumb\"><img fetchpriority=\"high\" decoding=\"async\" width=\"890\" height=\"664\" src=\"https:\/\/www.sporthorses-stud.de\/wp-content\/uploads\/2023\/08\/3-890x664-1.jpg\" class=\"attachment-chardonnay-thumb-square size-chardonnay-thumb-square wp-post-image\" alt=\"\" srcset=\"https:\/\/www.sporthorses-stud.de\/wp-content\/uploads\/2023\/08\/3-890x664-1.jpg 890w, https:\/\/www.sporthorses-stud.de\/wp-content\/uploads\/2023\/08\/3-890x664-1-300x224.jpg 300w, https:\/\/www.sporthorses-stud.de\/wp-content\/uploads\/2023\/08\/3-890x664-1-768x573.jpg 768w, https:\/\/www.sporthorses-stud.de\/wp-content\/uploads\/2023\/08\/3-890x664-1-16x12.jpg 16w, https:\/\/www.sporthorses-stud.de\/wp-content\/uploads\/2023\/08\/3-890x664-1-370x276.jpg 370w, https:\/\/www.sporthorses-stud.de\/wp-content\/uploads\/2023\/08\/3-890x664-1-840x627.jpg 840w, https:\/\/www.sporthorses-stud.de\/wp-content\/uploads\/2023\/08\/3-890x664-1-410x306.jpg 410w\" sizes=\"(max-width: 890px) 100vw, 890px\" \/>\t\t\t\t\t\t<div class=\"mask\"><\/div>\n\t\t\t\t\t\t<a class=\"post_link sc_services_item_link\" href=\"http:\/\/reimer-dressage.com\/\"><\/a>\t\t\t<a href=\"http:\/\/reimer-dressage.com\/\"  target=\"_blank\" rel=\"nofollow\" aria-hidden=\"true\" class=\"link\"><\/a>\n\t\t\t<\/div>\t\n\t<div class=\"sc_services_item_info\">\n\t\t\t\t<div class=\"sc_services_item_header\">\n\t\t\t\t\t\t<h4 class=\"sc_services_item_title entry-title\"><a href=\"http:\/\/reimer-dressage.com\/\" target=\"_blank\">Dressur<\/a><\/h4>\n            \t\t<\/div>\n\t\t                    <div class=\"sc_services_item_content\"><p>Vom Fohlen zum Youngstar - Reimer Dressage Horses bietet Ihnen eine gro\u00dfe Auswahl an exklusiven Dressurpferden. Bei uns finden Sie Pferde f\u00fcr Amateure, Turnierpferde f\u00fcr junge Reiter, aber auch Sportpferde von h\u00f6chster Qualit\u00e4t und mit bestem Stammbaum.<\/p>\n<\/div><div class=\"sc_services_item_button sc_item_button\">\n            <a href=\"http:\/\/reimer-dressage.com\/\" target=\"_blank\" class=\"sc_services_item_more_link\">\n                <span class=\"link_text\">Besuche die Website<\/span><span class=\"link_icon\"><\/span>\n            <\/a>\n            <\/div><\/div>\n<\/div>\n<\/div><div class=\"trx_addons_column-1_3\"><div data-post-id=\"19661\" class=\"sc_services_item sc_item_container post_container with_content with_image sc_services_item_featured_top post-19661 cpt_services type-cpt_services status-publish has-post-thumbnail hentry cpt_services_group-services\" data-item-number=\"2\"\n>\n\t<div class=\"post_featured with_thumb hover_link sc_services_item_thumb\"><img decoding=\"async\" width=\"890\" height=\"664\" src=\"https:\/\/www.sporthorses-stud.de\/wp-content\/uploads\/2022\/06\/1-890x664-1.jpg\" class=\"attachment-chardonnay-thumb-square size-chardonnay-thumb-square wp-post-image\" alt=\"\" srcset=\"https:\/\/www.sporthorses-stud.de\/wp-content\/uploads\/2022\/06\/1-890x664-1.jpg 890w, https:\/\/www.sporthorses-stud.de\/wp-content\/uploads\/2022\/06\/1-890x664-1-300x224.jpg 300w, https:\/\/www.sporthorses-stud.de\/wp-content\/uploads\/2022\/06\/1-890x664-1-768x573.jpg 768w, https:\/\/www.sporthorses-stud.de\/wp-content\/uploads\/2022\/06\/1-890x664-1-16x12.jpg 16w, https:\/\/www.sporthorses-stud.de\/wp-content\/uploads\/2022\/06\/1-890x664-1-370x276.jpg 370w, https:\/\/www.sporthorses-stud.de\/wp-content\/uploads\/2022\/06\/1-890x664-1-840x627.jpg 840w, https:\/\/www.sporthorses-stud.de\/wp-content\/uploads\/2022\/06\/1-890x664-1-410x306.jpg 410w\" sizes=\"(max-width: 890px) 100vw, 890px\" \/>\t\t\t\t\t\t<div class=\"mask\"><\/div>\n\t\t\t\t\t\t<a class=\"post_link sc_services_item_link\" href=\"https:\/\/jumping.testforstudio.com\/de\/\"><\/a>\t\t\t<a href=\"https:\/\/jumping.testforstudio.com\/de\/\"  target=\"_blank\" rel=\"nofollow\" aria-hidden=\"true\" class=\"link\"><\/a>\n\t\t\t<\/div>\t\n\t<div class=\"sc_services_item_info\">\n\t\t\t\t<div class=\"sc_services_item_header\">\n\t\t\t\t\t\t<h4 class=\"sc_services_item_title entry-title\"><a href=\"https:\/\/jumping.testforstudio.com\/de\/\" target=\"_blank\">Vielseitigkeit und Springreiten<\/a><\/h4>\n            \t\t<\/div>\n\t\t                    <div class=\"sc_services_item_content\"><p>Wem das \u00dcberschreiten der eigenen Grenzen nicht ausreicht \u2013 Reimer Eventing Horses z\u00fcchtet, trainiert und vertreibt moderne, intelligente und \u00e4u\u00dferst belastbare Spring- und Vielseitigkeitspferde. Ob Vollblut-, Warmblut- oder Mischlingspferde, ob das Pferd f\u00fcr den ersten Sprung oder ein echter Springspezialist und zuk\u00fcnftiger Turniersieger: Reimer Eventing Horses hilft Ihnen beim Abheben.<\/p>\n<\/div><div class=\"sc_services_item_button sc_item_button\">\n            <a href=\"https:\/\/jumping.testforstudio.com\/de\/\" target=\"_blank\" class=\"sc_services_item_more_link\">\n                <span class=\"link_text\">Besuche die Website<\/span><span class=\"link_icon\"><\/span>\n            <\/a>\n            <\/div><\/div>\n<\/div>\n<\/div><div class=\"trx_addons_column-1_3\"><div data-post-id=\"19662\" class=\"sc_services_item sc_item_container post_container with_content with_image sc_services_item_featured_top post-19662 cpt_services type-cpt_services status-publish has-post-thumbnail hentry cpt_services_group-services\" data-item-number=\"3\"\n>\n\t<div class=\"post_featured with_thumb hover_link sc_services_item_thumb\"><img decoding=\"async\" width=\"890\" height=\"664\" src=\"https:\/\/www.sporthorses-stud.de\/wp-content\/uploads\/2022\/06\/2-890x664-1.jpg\" class=\"attachment-chardonnay-thumb-square size-chardonnay-thumb-square wp-post-image\" alt=\"\" srcset=\"https:\/\/www.sporthorses-stud.de\/wp-content\/uploads\/2022\/06\/2-890x664-1.jpg 890w, https:\/\/www.sporthorses-stud.de\/wp-content\/uploads\/2022\/06\/2-890x664-1-300x224.jpg 300w, https:\/\/www.sporthorses-stud.de\/wp-content\/uploads\/2022\/06\/2-890x664-1-768x573.jpg 768w, https:\/\/www.sporthorses-stud.de\/wp-content\/uploads\/2022\/06\/2-890x664-1-16x12.jpg 16w, https:\/\/www.sporthorses-stud.de\/wp-content\/uploads\/2022\/06\/2-890x664-1-370x276.jpg 370w, https:\/\/www.sporthorses-stud.de\/wp-content\/uploads\/2022\/06\/2-890x664-1-840x627.jpg 840w, https:\/\/www.sporthorses-stud.de\/wp-content\/uploads\/2022\/06\/2-890x664-1-410x306.jpg 410w\" sizes=\"(max-width: 890px) 100vw, 890px\" \/>\t\t\t\t\t\t<div class=\"mask\"><\/div>\n\t\t\t\t\t\t<a class=\"post_link sc_services_item_link\" href=\"https:\/\/shorse.testforstudio.com\/de\/\"><\/a>\t\t\t<a href=\"https:\/\/shorse.testforstudio.com\/de\/\"  target=\"_blank\" rel=\"nofollow\" aria-hidden=\"true\" class=\"link\"><\/a>\n\t\t\t<\/div>\t\n\t<div class=\"sc_services_item_info\">\n\t\t\t\t<div class=\"sc_services_item_header\">\n\t\t\t\t\t\t<h4 class=\"sc_services_item_title entry-title\"><a href=\"https:\/\/shorse.testforstudio.com\/de\/\" target=\"_blank\">Zucht- &amp; Reitsportzentrum Reimer<\/a><\/h4>\n            \t\t<\/div>\n\t\t                    <div class=\"sc_services_item_content\"><p>Unser Gest\u00fct befindet sich in Ovelg\u00f6nne bei Oldenburg. Mit individueller Betreuung, einem\npassionierten und professionellem Team und den perfekten klimatischen Bedingungen, bieten wir\nunseren jungen Verkaufspferden die idealen Voraussetzungen f\u00fcr die Zucht und Ausbildung. Von\nunserer Arbeit k\u00f6nnen Sie sich jederzeit \u00fcberzeugen - Auf unserem Gest\u00fct sind Sie daf\u00fcr jederzeit\nwillkommen.<\/p>\n<\/div><div class=\"sc_services_item_button sc_item_button\">\n            <a href=\"https:\/\/shorse.testforstudio.com\/de\/\" target=\"_blank\" class=\"sc_services_item_more_link\">\n                <span class=\"link_text\">Besuche die Website<\/span><span class=\"link_icon\"><\/span>\n            <\/a>\n            <\/div><\/div>\n<\/div>\n<\/div><\/div><\/div>\t\t\t\t<\/div>\n\t\t\t\t<\/div>\n\t\t\t\t\t<\/div>\n\t\t<\/div>\n\t\t\t\t\t<\/div>\n\t\t<\/section>\n\t\t\t\t<\/div>","protected":false},"excerpt":{"rendered":"<p>Are you looking for a sport horse that others can only dream of? You&#8217;ve come&hellip;<\/p>","protected":false},"author":1,"featured_media":19573,"parent":0,"menu_order":0,"comment_status":"closed","ping_status":"closed","template":"elementor_header_footer","meta":{"footnotes":""},"class_list":["post-20340","page","type-page","status-publish","has-post-thumbnail","hentry"],"_links":{"self":[{"href":"https:\/\/www.sporthorses-stud.de\/de\/wp-json\/wp\/v2\/pages\/20340","targetHints":{"allow":["GET"]}}],"collection":[{"href":"https:\/\/www.sporthorses-stud.de\/de\/wp-json\/wp\/v2\/pages"}],"about":[{"href":"https:\/\/www.sporthorses-stud.de\/de\/wp-json\/wp\/v2\/types\/page"}],"author":[{"embeddable":true,"href":"https:\/\/www.sporthorses-stud.de\/de\/wp-json\/wp\/v2\/users\/1"}],"replies":[{"embeddable":true,"href":"https:\/\/www.sporthorses-stud.de\/de\/wp-json\/wp\/v2\/comments?post=20340"}],"version-history":[{"count":13,"href":"https:\/\/www.sporthorses-stud.de\/de\/wp-json\/wp\/v2\/pages\/20340\/revisions"}],"predecessor-version":[{"id":20353,"href":"https:\/\/www.sporthorses-stud.de\/de\/wp-json\/wp\/v2\/pages\/20340\/revisions\/20353"}],"wp:featuredmedia":[{"embeddable":true,"href":"https:\/\/www.sporthorses-stud.de\/de\/wp-json\/wp\/v2\/media\/19573"}],"wp:attachment":[{"href":"https:\/\/www.sporthorses-stud.de\/de\/wp-json\/wp\/v2\/media?parent=20340"}],"curies":[{"name":"wp","href":"https:\/\/api.w.org\/{rel}","templated":true}]}}